{"id":2092,"date":"2025-10-10T10:00:19","date_gmt":"2025-10-10T10:00:19","guid":{"rendered":"https:\/\/www.psyclinic.es\/?page_id=2092"},"modified":"2025-10-10T10:00:19","modified_gmt":"2025-10-10T10:00:19","slug":"pau-costa","status":"publish","type":"page","link":"https:\/\/www.psyclinic.es\/ca\/sobre-nosaltres\/pau-costa\/","title":{"rendered":"Pau Costa"},"content":{"rendered":"","protected":false},"excerpt":{"rendered":"<p>Llicenciat en psicologia.<br \/>\nM\u00e0ster en Psicopatologia Cl\u00ednica de l\u2019Adult.<br \/>\nM\u00e0ster en psicoter\u00e0pies de 3a gerneraci\u00f3.<\/p>\n","protected":false},"author":2,"featured_media":2094,"parent":363,"menu_order":4,"comment_status":"closed","ping_status":"closed","template":"","meta":{"footnotes":""},"class_list":["post-2092","page","type-page","status-publish","has-post-thumbnail","hentry"],"acf":[],"yoast_head":"<!-- This site is optimized with the Yoast SEO plugin v27.2 - https:\/\/yoast.com\/product\/yoast-seo-wordpress\/ -->\n<title>Pau Costa - Centro de Psicolog\u00eda en Barcelona | PsyClinic<\/title>\n<meta name=\"robots\" content=\"index, follow, max-snippet:-1, max-image-preview:large, max-video-preview:-1\" \/>\n<link rel=\"canonical\" href=\"https:\/\/www.psyclinic.es\/ca\/sobre-nosaltres\/pau-costa\/\" \/>\n<meta property=\"og:locale\" content=\"ca_ES\" \/>\n<meta property=\"og:type\" content=\"article\" \/>\n<meta property=\"og:title\" content=\"Pau Costa - Centro de Psicolog\u00eda en Barcelona | PsyClinic\" \/>\n<meta property=\"og:description\" content=\"Llicenciat en psicologia. M\u00e0ster en Psicopatologia Cl\u00ednica de l\u2019Adult. M\u00e0ster en psicoter\u00e0pies de 3a gerneraci\u00f3.\" \/>\n<meta property=\"og:url\" content=\"https:\/\/www.psyclinic.es\/ca\/sobre-nosaltres\/pau-costa\/\" \/>\n<meta property=\"og:site_name\" content=\"Centro de Psicolog\u00eda en Barcelona | PsyClinic\" \/>\n<meta property=\"article:publisher\" content=\"https:\/\/www.facebook.com\/profile.php?id=100064087147739\" \/>\n<meta property=\"og:image\" content=\"https:\/\/www.psyclinic.es\/wp-content\/uploads\/2025\/10\/Foto-Pau-Costa-scaled.jpg\" \/>\n\t<meta property=\"og:image:width\" content=\"1920\" \/>\n\t<meta property=\"og:image:height\" content=\"2560\" \/>\n\t<meta property=\"og:image:type\" content=\"image\/jpeg\" \/>\n<meta name=\"twitter:card\" content=\"summary_large_image\" \/>\n<meta name=\"twitter:site\" content=\"@Psyclinics\" \/>\n<script type=\"application\/ld+json\" class=\"yoast-schema-graph\">{\"@context\":\"https:\/\/schema.org\",\"@graph\":[{\"@type\":\"WebPage\",\"@id\":\"https:\/\/www.psyclinic.es\/ca\/sobre-nosaltres\/pau-costa\/\",\"url\":\"https:\/\/www.psyclinic.es\/ca\/sobre-nosaltres\/pau-costa\/\",\"name\":\"Pau Costa - Centro de Psicolog\u00eda en Barcelona | PsyClinic\",\"isPartOf\":{\"@id\":\"https:\/\/www.psyclinic.es\/#website\"},\"primaryImageOfPage\":{\"@id\":\"https:\/\/www.psyclinic.es\/ca\/sobre-nosaltres\/pau-costa\/#primaryimage\"},\"image\":{\"@id\":\"https:\/\/www.psyclinic.es\/ca\/sobre-nosaltres\/pau-costa\/#primaryimage\"},\"thumbnailUrl\":\"https:\/\/www.psyclinic.es\/wp-content\/uploads\/2025\/10\/Foto-Pau-Costa-scaled.jpg\",\"datePublished\":\"2025-10-10T10:00:19+00:00\",\"breadcrumb\":{\"@id\":\"https:\/\/www.psyclinic.es\/ca\/sobre-nosaltres\/pau-costa\/#breadcrumb\"},\"inLanguage\":\"ca\",\"potentialAction\":[{\"@type\":\"ReadAction\",\"target\":[\"https:\/\/www.psyclinic.es\/ca\/sobre-nosaltres\/pau-costa\/\"]}]},{\"@type\":\"ImageObject\",\"inLanguage\":\"ca\",\"@id\":\"https:\/\/www.psyclinic.es\/ca\/sobre-nosaltres\/pau-costa\/#primaryimage\",\"url\":\"https:\/\/www.psyclinic.es\/wp-content\/uploads\/2025\/10\/Foto-Pau-Costa-scaled.jpg\",\"contentUrl\":\"https:\/\/www.psyclinic.es\/wp-content\/uploads\/2025\/10\/Foto-Pau-Costa-scaled.jpg\",\"width\":1920,\"height\":2560,\"caption\":\"Psic\u00f3logo Pau Costa\"},{\"@type\":\"BreadcrumbList\",\"@id\":\"https:\/\/www.psyclinic.es\/ca\/sobre-nosaltres\/pau-costa\/#breadcrumb\",\"itemListElement\":[{\"@type\":\"ListItem\",\"position\":1,\"name\":\"Portada\",\"item\":\"https:\/\/www.psyclinic.es\/ca\/\"},{\"@type\":\"ListItem\",\"position\":2,\"name\":\"Sobre Nosaltres\",\"item\":\"https:\/\/www.psyclinic.es\/ca\/sobre-nosaltres\/\"},{\"@type\":\"ListItem\",\"position\":3,\"name\":\"Pau Costa\"}]},{\"@type\":\"WebSite\",\"@id\":\"https:\/\/www.psyclinic.es\/#website\",\"url\":\"https:\/\/www.psyclinic.es\/\",\"name\":\"Centro de Psicolog\u00eda en Barcelona | PsyClinic\",\"description\":\"Centro de Psicolog\u00eda en Barcelona con terapias eficaces y profesionales cualificados. Atenci\u00f3n personalizada para tu bienestar emocional.\",\"publisher\":{\"@id\":\"https:\/\/www.psyclinic.es\/#organization\"},\"alternateName\":\"Centro de Psicolog\u00eda en Barcelona\",\"potentialAction\":[{\"@type\":\"SearchAction\",\"target\":{\"@type\":\"EntryPoint\",\"urlTemplate\":\"https:\/\/www.psyclinic.es\/?s={search_term_string}\"},\"query-input\":{\"@type\":\"PropertyValueSpecification\",\"valueRequired\":true,\"valueName\":\"search_term_string\"}}],\"inLanguage\":\"ca\"},{\"@type\":\"Organization\",\"@id\":\"https:\/\/www.psyclinic.es\/#organization\",\"name\":\"Psyclinic\",\"alternateName\":\"Psyclinic | Centro de Psicolog\u00eda en Barcelona\",\"url\":\"https:\/\/www.psyclinic.es\/\",\"logo\":{\"@type\":\"ImageObject\",\"inLanguage\":\"ca\",\"@id\":\"https:\/\/www.psyclinic.es\/#\/schema\/logo\/image\/\",\"url\":\"https:\/\/www.psyclinic.es\/wp-content\/uploads\/2025\/01\/logo-psyclinic.jpg\",\"contentUrl\":\"https:\/\/www.psyclinic.es\/wp-content\/uploads\/2025\/01\/logo-psyclinic.jpg\",\"width\":250,\"height\":180,\"caption\":\"Psyclinic\"},\"image\":{\"@id\":\"https:\/\/www.psyclinic.es\/#\/schema\/logo\/image\/\"},\"sameAs\":[\"https:\/\/www.facebook.com\/profile.php?id=100064087147739\",\"https:\/\/x.com\/Psyclinics\",\"https:\/\/www.instagram.com\/psyclinicbcn\/\",\"https:\/\/www.linkedin.com\/in\/pablo-oromendia-rodr\u00edguez-bb43152b\/\"]}]}<\/script>\n<!-- \/ Yoast SEO plugin. -->","yoast_head_json":{"title":"Pau Costa - Centro de Psicolog\u00eda en Barcelona | PsyClinic","robots":{"index":"index","follow":"follow","max-snippet":"max-snippet:-1","max-image-preview":"max-image-preview:large","max-video-preview":"max-video-preview:-1"},"canonical":"https:\/\/www.psyclinic.es\/ca\/sobre-nosaltres\/pau-costa\/","og_locale":"ca_ES","og_type":"article","og_title":"Pau Costa - Centro de Psicolog\u00eda en Barcelona | PsyClinic","og_description":"Llicenciat en psicologia. M\u00e0ster en Psicopatologia Cl\u00ednica de l\u2019Adult. M\u00e0ster en psicoter\u00e0pies de 3a gerneraci\u00f3.","og_url":"https:\/\/www.psyclinic.es\/ca\/sobre-nosaltres\/pau-costa\/","og_site_name":"Centro de Psicolog\u00eda en Barcelona | PsyClinic","article_publisher":"https:\/\/www.facebook.com\/profile.php?id=100064087147739","og_image":[{"width":1920,"height":2560,"url":"https:\/\/www.psyclinic.es\/wp-content\/uploads\/2025\/10\/Foto-Pau-Costa-scaled.jpg","type":"image\/jpeg"}],"twitter_card":"summary_large_image","twitter_site":"@Psyclinics","schema":{"@context":"https:\/\/schema.org","@graph":[{"@type":"WebPage","@id":"https:\/\/www.psyclinic.es\/ca\/sobre-nosaltres\/pau-costa\/","url":"https:\/\/www.psyclinic.es\/ca\/sobre-nosaltres\/pau-costa\/","name":"Pau Costa - Centro de Psicolog\u00eda en Barcelona | PsyClinic","isPartOf":{"@id":"https:\/\/www.psyclinic.es\/#website"},"primaryImageOfPage":{"@id":"https:\/\/www.psyclinic.es\/ca\/sobre-nosaltres\/pau-costa\/#primaryimage"},"image":{"@id":"https:\/\/www.psyclinic.es\/ca\/sobre-nosaltres\/pau-costa\/#primaryimage"},"thumbnailUrl":"https:\/\/www.psyclinic.es\/wp-content\/uploads\/2025\/10\/Foto-Pau-Costa-scaled.jpg","datePublished":"2025-10-10T10:00:19+00:00","breadcrumb":{"@id":"https:\/\/www.psyclinic.es\/ca\/sobre-nosaltres\/pau-costa\/#breadcrumb"},"inLanguage":"ca","potentialAction":[{"@type":"ReadAction","target":["https:\/\/www.psyclinic.es\/ca\/sobre-nosaltres\/pau-costa\/"]}]},{"@type":"ImageObject","inLanguage":"ca","@id":"https:\/\/www.psyclinic.es\/ca\/sobre-nosaltres\/pau-costa\/#primaryimage","url":"https:\/\/www.psyclinic.es\/wp-content\/uploads\/2025\/10\/Foto-Pau-Costa-scaled.jpg","contentUrl":"https:\/\/www.psyclinic.es\/wp-content\/uploads\/2025\/10\/Foto-Pau-Costa-scaled.jpg","width":1920,"height":2560,"caption":"Psic\u00f3logo Pau Costa"},{"@type":"BreadcrumbList","@id":"https:\/\/www.psyclinic.es\/ca\/sobre-nosaltres\/pau-costa\/#breadcrumb","itemListElement":[{"@type":"ListItem","position":1,"name":"Portada","item":"https:\/\/www.psyclinic.es\/ca\/"},{"@type":"ListItem","position":2,"name":"Sobre Nosaltres","item":"https:\/\/www.psyclinic.es\/ca\/sobre-nosaltres\/"},{"@type":"ListItem","position":3,"name":"Pau Costa"}]},{"@type":"WebSite","@id":"https:\/\/www.psyclinic.es\/#website","url":"https:\/\/www.psyclinic.es\/","name":"Centro de Psicolog\u00eda en Barcelona | PsyClinic","description":"Centro de Psicolog\u00eda en Barcelona con terapias eficaces y profesionales cualificados. Atenci\u00f3n personalizada para tu bienestar emocional.","publisher":{"@id":"https:\/\/www.psyclinic.es\/#organization"},"alternateName":"Centro de Psicolog\u00eda en Barcelona","potentialAction":[{"@type":"SearchAction","target":{"@type":"EntryPoint","urlTemplate":"https:\/\/www.psyclinic.es\/?s={search_term_string}"},"query-input":{"@type":"PropertyValueSpecification","valueRequired":true,"valueName":"search_term_string"}}],"inLanguage":"ca"},{"@type":"Organization","@id":"https:\/\/www.psyclinic.es\/#organization","name":"Psyclinic","alternateName":"Psyclinic | Centro de Psicolog\u00eda en Barcelona","url":"https:\/\/www.psyclinic.es\/","logo":{"@type":"ImageObject","inLanguage":"ca","@id":"https:\/\/www.psyclinic.es\/#\/schema\/logo\/image\/","url":"https:\/\/www.psyclinic.es\/wp-content\/uploads\/2025\/01\/logo-psyclinic.jpg","contentUrl":"https:\/\/www.psyclinic.es\/wp-content\/uploads\/2025\/01\/logo-psyclinic.jpg","width":250,"height":180,"caption":"Psyclinic"},"image":{"@id":"https:\/\/www.psyclinic.es\/#\/schema\/logo\/image\/"},"sameAs":["https:\/\/www.facebook.com\/profile.php?id=100064087147739","https:\/\/x.com\/Psyclinics","https:\/\/www.instagram.com\/psyclinicbcn\/","https:\/\/www.linkedin.com\/in\/pablo-oromendia-rodr\u00edguez-bb43152b\/"]}]}},"_links":{"self":[{"href":"https:\/\/www.psyclinic.es\/ca\/wp-json\/wp\/v2\/pages\/2092","targetHints":{"allow":["GET"]}}],"collection":[{"href":"https:\/\/www.psyclinic.es\/ca\/wp-json\/wp\/v2\/pages"}],"about":[{"href":"https:\/\/www.psyclinic.es\/ca\/wp-json\/wp\/v2\/types\/page"}],"author":[{"embeddable":true,"href":"https:\/\/www.psyclinic.es\/ca\/wp-json\/wp\/v2\/users\/2"}],"replies":[{"embeddable":true,"href":"https:\/\/www.psyclinic.es\/ca\/wp-json\/wp\/v2\/comments?post=2092"}],"version-history":[{"count":1,"href":"https:\/\/www.psyclinic.es\/ca\/wp-json\/wp\/v2\/pages\/2092\/revisions"}],"predecessor-version":[{"id":2097,"href":"https:\/\/www.psyclinic.es\/ca\/wp-json\/wp\/v2\/pages\/2092\/revisions\/2097"}],"up":[{"embeddable":true,"href":"https:\/\/www.psyclinic.es\/ca\/wp-json\/wp\/v2\/pages\/363"}],"wp:featuredmedia":[{"embeddable":true,"href":"https:\/\/www.psyclinic.es\/ca\/wp-json\/wp\/v2\/media\/2094"}],"wp:attachment":[{"href":"https:\/\/www.psyclinic.es\/ca\/wp-json\/wp\/v2\/media?parent=2092"}],"curies":[{"name":"wp","href":"https:\/\/api.w.org\/{rel}","templated":true}]}}