{"id":398,"date":"2021-06-20T16:35:30","date_gmt":"2021-06-20T16:35:30","guid":{"rendered":"https:\/\/www.psyclinic.es\/politica-de-cookies\/"},"modified":"2025-07-01T11:04:51","modified_gmt":"2025-07-01T11:04:51","slug":"politica-de-cookies","status":"publish","type":"page","link":"https:\/\/www.psyclinic.es\/ca\/politica-de-cookies\/","title":{"rendered":"Pol\u00edtica de cookies"},"content":{"rendered":"<p>Una galeta \u00e9s un petit fitxer de text que s'emmagatzema al vostre navegador quan visita gaireb\u00e9 qualsevol p\u00e0gina web. La seva utilitat \u00e9s que la web sigui capa\u00e7 de recordar la vostra visita quan torneu a navegar per aquesta p\u00e0gina. Les cookies solen emmagatzemar informaci\u00f3 de car\u00e0cter t\u00e8cnic, prefer\u00e8ncies personals, personalitzaci\u00f3 de continguts, estad\u00edstiques d\u00fas, enlla\u00e7os a xarxes socials, acc\u00e9s a comptes dusuari, etc. L'objectiu de la galeta \u00e9s adaptar el contingut de la web al seu perfil i necessitats, sense galetes els serveis oferts per qualsevol p\u00e0gina es veurien minvats notablement. Si voleu consultar m\u00e9s informaci\u00f3 sobre qu\u00e8 s\u00f3n les galetes, qu\u00e8 emmagatzemen, com eliminar-les, desactivar-les, etc., us preguem que us dirigiu a aquest enlla\u00e7.<\/p>\n<h2>Cookies utilitzades en aquest lloc web<\/h2>\n<p>Seguint les directrius de l'Ag\u00e8ncia Espanyola de Protecci\u00f3 de Dades procedim a detallar l'\u00fas de cookies que fa aquesta web per tal d'informar-vos amb la m\u00e0xima exactitud possible.<\/p>\n<p>Aquest lloc web utilitza les cookies pr\u00f2pies:<\/p>\n<p>Cookies de sessi\u00f3, per garantir que els usuaris que escriguin comentaris al bloc siguin humans i no aplicacions automatitzades. D'aquesta manera es combat el correu brossa.<\/p>\n<p>Aquest lloc web utilitza les cookies de tercers seg\u00fcents:<\/p>\n<p>Google Analytics: Emmagatzema cookies per poder elaborar estad\u00edstiques sobre el tr\u00e0nsit i el volum de visites d'aquesta web. En utilitzar aquest lloc web est\u00e0 consentint el tractament dinformaci\u00f3 sobre vost\u00e8 per Google. Per tant, l'exercici de qualsevol dret en aquest sentit ho haur\u00e0 de fer comunicant directament amb Google.<br \/>\nXarxes socials: Cada xarxa social utilitza les seves pr\u00f2pies galetes perqu\u00e8 pugueu punxar en botons del tipus M'agrada o Compartir.<\/p>\n<h2><\/h2>\n<h2>Desactivaci\u00f3 o eliminaci\u00f3 de cookies<\/h2>\n<p>En qualsevol moment podreu exercir el vostre dret de desactivaci\u00f3 o eliminaci\u00f3 de cookies d'aquest lloc web. Aquestes accions es realitzen de manera diferent en funci\u00f3 del navegador que utilitzeu. Aqu\u00ed us deixem una guia r\u00e0pida per als navegadors m\u00e9s populars.<\/p>\n<h2>Notes addicionals<\/h2>\n<p>Ni aquesta web ni els seus representants legals es fan responsables ni del contingut ni de la veracitat de les pol\u00edtiques de privadesa que puguin tenir els tercers esmentats en aquesta pol\u00edtica de cookies.<br \/>\nEls navegadors web s\u00f3n les eines encarregades d'emmagatzemar les galetes i des d'aquest lloc ha d'efectuar el dret a eliminar-lo o desactivar-lo. Ni aquesta web ni els seus representants legals poden garantir la correcta o incorrecta manipulaci\u00f3 de les cookies per part dels navegadors esmentats.<br \/>\nEn alguns casos \u00e9s necessari instal\u00b7lar cookies perqu\u00e8 el navegador no oblidi la seva decisi\u00f3 de no acceptar-les.<br \/>\nEn el cas de les galetes de Google Analytics, aquesta empresa emmagatzema les galetes en servidors ubicats als Estats Units i es compromet a no compartir-la amb tercers, excepte en els casos en qu\u00e8 sigui necessari per al funcionament del sistema o quan la llei obligui a aquest efecte. Segons Google no desa la vostra adre\u00e7a IP. Google Inc. \u00e9s una companyia adherida a l'Acord de Port Segur que garanteix que totes les dades transferides seran tractades amb un nivell de protecci\u00f3 d'acord amb la normativa europea. Podeu consultar informaci\u00f3 detallada en aquest enlla\u00e7. Si voleu informaci\u00f3 sobre l'\u00fas que Google d\u00f3na a les galetes us adjuntem aquest altre enlla\u00e7.<br \/>\nPer a qualsevol dubte o consulta sobre aquesta pol\u00edtica de cookies no dubteu a comunicar-vos amb nosaltres a trav\u00e9s de la secci\u00f3 de contacte.<\/p>\n<div id=\"mouseposition-extension-element-full-container\" style=\"position: fixed; top: 0px; left: 0px; right: 0px; bottom: 0px; pointer-events: none; z-index: 2147483647; font-weight: 400;\">\n<div id=\"mouseposition-extension-element-rect-display\" style=\"display: none; position: absolute; background: rgba(255, 255, 255, 0.7); outline: black solid 1px; font-size: 12px; z-index: 2147483647; justify-content: center; align-items: center; user-select: none; cursor: default; color: #000000; font-family: 'Helvetica Neue', Helvetica, Arial, sans-serif; width: 0px; height: 0px;\">\n<pre style=\"flex: 1 1 0%; text-align: center; background-color: rgba(255, 255, 255, 0.7); color: #000000; min-width: 42px; min-height: 12px; transition: all 1s ease 0s;\"><\/pre>\n<\/div>\n<pre id=\"mouseposition-extension-element-coordinate-display\" style=\"position: absolute; display: none; background: #ffffff; font-size: 12px; line-height: 14px; border-radius: 3px; border-width: 1px; border-color: #222222 black #333333; border-style: solid; padding: 3px; z-index: 2147483647; color: #222222; user-select: none; cursor: default; font-family: 'Helvetica Neue', Helvetica, Arial, sans-serif;\"><\/pre>\n<\/div>\n","protected":false},"excerpt":{"rendered":"<p>Una galeta \u00e9s un petit fitxer de text que s'emmagatzema al vostre navegador quan visita gaireb\u00e9 qualsevol p\u00e0gina web. La seva utilitat \u00e9s que la web sigui capa\u00e7 de recordar la vostra visita quan torneu a navegar per aquesta p\u00e0gina. Les cookies solen emmagatzemar informaci\u00f3 de car\u00e0cter t\u00e8cnic, prefer\u00e8ncies personals, personalitzaci\u00f3 de continguts, estad\u00edstiques d\u00fas, [&hellip;]<\/p>\n","protected":false},"author":1,"featured_media":0,"parent":0,"menu_order":0,"comment_status":"closed","ping_status":"closed","template":"","meta":{"footnotes":""},"class_list":["post-398","page","type-page","status-publish","hentry"],"acf":[],"yoast_head":"<!-- This site is optimized with the Yoast SEO plugin v27.4 - https:\/\/yoast.com\/product\/yoast-seo-wordpress\/ -->\n<title>Pol\u00edtica de cookies - Centro de Psicolog\u00eda en Barcelona | PsyClinic<\/title>\n<meta name=\"robots\" content=\"noindex, nofollow\" \/>\n<meta property=\"og:locale\" content=\"ca_ES\" \/>\n<meta property=\"og:type\" content=\"article\" \/>\n<meta property=\"og:title\" content=\"Pol\u00edtica de cookies - Centro de Psicolog\u00eda en Barcelona | PsyClinic\" \/>\n<meta property=\"og:description\" content=\"Una galeta \u00e9s un petit fitxer de text que s&#039;emmagatzema al vostre navegador quan visita gaireb\u00e9 qualsevol p\u00e0gina web. La seva utilitat \u00e9s que la web sigui capa\u00e7 de recordar la vostra visita quan torneu a navegar per aquesta p\u00e0gina. Les cookies solen emmagatzemar informaci\u00f3 de car\u00e0cter t\u00e8cnic, prefer\u00e8ncies personals, personalitzaci\u00f3 de continguts, estad\u00edstiques d\u00fas, [&hellip;]\" \/>\n<meta property=\"og:url\" content=\"https:\/\/www.psyclinic.es\/ca\/politica-de-cookies\/\" \/>\n<meta property=\"og:site_name\" content=\"Centro de Psicolog\u00eda en Barcelona | PsyClinic\" \/>\n<meta property=\"article:publisher\" content=\"https:\/\/www.facebook.com\/profile.php?id=100064087147739\" \/>\n<meta property=\"article:modified_time\" content=\"2025-07-01T11:04:51+00:00\" \/>\n<meta property=\"og:image\" content=\"https:\/\/www.psyclinic.es\/wp-content\/uploads\/2025\/01\/logo-psyclinic.jpg\" \/>\n\t<meta property=\"og:image:width\" content=\"250\" \/>\n\t<meta property=\"og:image:height\" content=\"180\" \/>\n\t<meta property=\"og:image:type\" content=\"image\/jpeg\" \/>\n<meta name=\"twitter:card\" content=\"summary_large_image\" \/>\n<meta name=\"twitter:site\" content=\"@Psyclinics\" \/>\n<script type=\"application\/ld+json\" class=\"yoast-schema-graph\">{\"@context\":\"https:\\\/\\\/schema.org\",\"@graph\":[{\"@type\":\"WebPage\",\"@id\":\"https:\\\/\\\/www.psyclinic.es\\\/ca\\\/politica-de-cookies\\\/\",\"url\":\"https:\\\/\\\/www.psyclinic.es\\\/ca\\\/politica-de-cookies\\\/\",\"name\":\"Pol\u00edtica de cookies - Centro de Psicolog\u00eda en Barcelona | PsyClinic\",\"isPartOf\":{\"@id\":\"https:\\\/\\\/www.psyclinic.es\\\/#website\"},\"datePublished\":\"2021-06-20T16:35:30+00:00\",\"dateModified\":\"2025-07-01T11:04:51+00:00\",\"breadcrumb\":{\"@id\":\"https:\\\/\\\/www.psyclinic.es\\\/ca\\\/politica-de-cookies\\\/#breadcrumb\"},\"inLanguage\":\"ca\",\"potentialAction\":[{\"@type\":\"ReadAction\",\"target\":[\"https:\\\/\\\/www.psyclinic.es\\\/ca\\\/politica-de-cookies\\\/\"]}]},{\"@type\":\"BreadcrumbList\",\"@id\":\"https:\\\/\\\/www.psyclinic.es\\\/ca\\\/politica-de-cookies\\\/#breadcrumb\",\"itemListElement\":[{\"@type\":\"ListItem\",\"position\":1,\"name\":\"Portada\",\"item\":\"https:\\\/\\\/www.psyclinic.es\\\/ca\\\/\"},{\"@type\":\"ListItem\",\"position\":2,\"name\":\"Pol\u00edtica de cookies\"}]},{\"@type\":\"WebSite\",\"@id\":\"https:\\\/\\\/www.psyclinic.es\\\/#website\",\"url\":\"https:\\\/\\\/www.psyclinic.es\\\/\",\"name\":\"Centro de Psicolog\u00eda en Barcelona | PsyClinic\",\"description\":\"Centro de Psicolog\u00eda en Barcelona con terapias eficaces y profesionales cualificados. Atenci\u00f3n personalizada para tu bienestar emocional.\",\"publisher\":{\"@id\":\"https:\\\/\\\/www.psyclinic.es\\\/#organization\"},\"alternateName\":\"Centro de Psicolog\u00eda en Barcelona\",\"potentialAction\":[{\"@type\":\"SearchAction\",\"target\":{\"@type\":\"EntryPoint\",\"urlTemplate\":\"https:\\\/\\\/www.psyclinic.es\\\/?s={search_term_string}\"},\"query-input\":{\"@type\":\"PropertyValueSpecification\",\"valueRequired\":true,\"valueName\":\"search_term_string\"}}],\"inLanguage\":\"ca\"},{\"@type\":\"Organization\",\"@id\":\"https:\\\/\\\/www.psyclinic.es\\\/#organization\",\"name\":\"Psyclinic\",\"alternateName\":\"Psyclinic | Centro de Psicolog\u00eda en Barcelona\",\"url\":\"https:\\\/\\\/www.psyclinic.es\\\/\",\"logo\":{\"@type\":\"ImageObject\",\"inLanguage\":\"ca\",\"@id\":\"https:\\\/\\\/www.psyclinic.es\\\/#\\\/schema\\\/logo\\\/image\\\/\",\"url\":\"https:\\\/\\\/www.psyclinic.es\\\/wp-content\\\/uploads\\\/2025\\\/01\\\/logo-psyclinic.jpg\",\"contentUrl\":\"https:\\\/\\\/www.psyclinic.es\\\/wp-content\\\/uploads\\\/2025\\\/01\\\/logo-psyclinic.jpg\",\"width\":250,\"height\":180,\"caption\":\"Psyclinic\"},\"image\":{\"@id\":\"https:\\\/\\\/www.psyclinic.es\\\/#\\\/schema\\\/logo\\\/image\\\/\"},\"sameAs\":[\"https:\\\/\\\/www.facebook.com\\\/profile.php?id=100064087147739\",\"https:\\\/\\\/x.com\\\/Psyclinics\",\"https:\\\/\\\/www.instagram.com\\\/psyclinicbcn\\\/\",\"https:\\\/\\\/www.linkedin.com\\\/in\\\/pablo-oromendia-rodr\u00edguez-bb43152b\\\/\"]}]}<\/script>\n<!-- \/ Yoast SEO plugin. -->","yoast_head_json":{"title":"Pol\u00edtica de cookies - Centro de Psicolog\u00eda en Barcelona | PsyClinic","robots":{"index":"noindex","follow":"nofollow"},"og_locale":"ca_ES","og_type":"article","og_title":"Pol\u00edtica de cookies - Centro de Psicolog\u00eda en Barcelona | PsyClinic","og_description":"Una galeta \u00e9s un petit fitxer de text que s'emmagatzema al vostre navegador quan visita gaireb\u00e9 qualsevol p\u00e0gina web. La seva utilitat \u00e9s que la web sigui capa\u00e7 de recordar la vostra visita quan torneu a navegar per aquesta p\u00e0gina. Les cookies solen emmagatzemar informaci\u00f3 de car\u00e0cter t\u00e8cnic, prefer\u00e8ncies personals, personalitzaci\u00f3 de continguts, estad\u00edstiques d\u00fas, [&hellip;]","og_url":"https:\/\/www.psyclinic.es\/ca\/politica-de-cookies\/","og_site_name":"Centro de Psicolog\u00eda en Barcelona | PsyClinic","article_publisher":"https:\/\/www.facebook.com\/profile.php?id=100064087147739","article_modified_time":"2025-07-01T11:04:51+00:00","og_image":[{"width":250,"height":180,"url":"https:\/\/www.psyclinic.es\/wp-content\/uploads\/2025\/01\/logo-psyclinic.jpg","type":"image\/jpeg"}],"twitter_card":"summary_large_image","twitter_site":"@Psyclinics","schema":{"@context":"https:\/\/schema.org","@graph":[{"@type":"WebPage","@id":"https:\/\/www.psyclinic.es\/ca\/politica-de-cookies\/","url":"https:\/\/www.psyclinic.es\/ca\/politica-de-cookies\/","name":"Pol\u00edtica de cookies - Centro de Psicolog\u00eda en Barcelona | PsyClinic","isPartOf":{"@id":"https:\/\/www.psyclinic.es\/#website"},"datePublished":"2021-06-20T16:35:30+00:00","dateModified":"2025-07-01T11:04:51+00:00","breadcrumb":{"@id":"https:\/\/www.psyclinic.es\/ca\/politica-de-cookies\/#breadcrumb"},"inLanguage":"ca","potentialAction":[{"@type":"ReadAction","target":["https:\/\/www.psyclinic.es\/ca\/politica-de-cookies\/"]}]},{"@type":"BreadcrumbList","@id":"https:\/\/www.psyclinic.es\/ca\/politica-de-cookies\/#breadcrumb","itemListElement":[{"@type":"ListItem","position":1,"name":"Portada","item":"https:\/\/www.psyclinic.es\/ca\/"},{"@type":"ListItem","position":2,"name":"Pol\u00edtica de cookies"}]},{"@type":"WebSite","@id":"https:\/\/www.psyclinic.es\/#website","url":"https:\/\/www.psyclinic.es\/","name":"Centro de Psicolog\u00eda en Barcelona | PsyClinic","description":"Centro de Psicolog\u00eda en Barcelona con terapias eficaces y profesionales cualificados. Atenci\u00f3n personalizada para tu bienestar emocional.","publisher":{"@id":"https:\/\/www.psyclinic.es\/#organization"},"alternateName":"Centro de Psicolog\u00eda en Barcelona","potentialAction":[{"@type":"SearchAction","target":{"@type":"EntryPoint","urlTemplate":"https:\/\/www.psyclinic.es\/?s={search_term_string}"},"query-input":{"@type":"PropertyValueSpecification","valueRequired":true,"valueName":"search_term_string"}}],"inLanguage":"ca"},{"@type":"Organization","@id":"https:\/\/www.psyclinic.es\/#organization","name":"Psyclinic","alternateName":"Psyclinic | Centro de Psicolog\u00eda en Barcelona","url":"https:\/\/www.psyclinic.es\/","logo":{"@type":"ImageObject","inLanguage":"ca","@id":"https:\/\/www.psyclinic.es\/#\/schema\/logo\/image\/","url":"https:\/\/www.psyclinic.es\/wp-content\/uploads\/2025\/01\/logo-psyclinic.jpg","contentUrl":"https:\/\/www.psyclinic.es\/wp-content\/uploads\/2025\/01\/logo-psyclinic.jpg","width":250,"height":180,"caption":"Psyclinic"},"image":{"@id":"https:\/\/www.psyclinic.es\/#\/schema\/logo\/image\/"},"sameAs":["https:\/\/www.facebook.com\/profile.php?id=100064087147739","https:\/\/x.com\/Psyclinics","https:\/\/www.instagram.com\/psyclinicbcn\/","https:\/\/www.linkedin.com\/in\/pablo-oromendia-rodr\u00edguez-bb43152b\/"]}]}},"_links":{"self":[{"href":"https:\/\/www.psyclinic.es\/ca\/wp-json\/wp\/v2\/pages\/398","targetHints":{"allow":["GET"]}}],"collection":[{"href":"https:\/\/www.psyclinic.es\/ca\/wp-json\/wp\/v2\/pages"}],"about":[{"href":"https:\/\/www.psyclinic.es\/ca\/wp-json\/wp\/v2\/types\/page"}],"author":[{"embeddable":true,"href":"https:\/\/www.psyclinic.es\/ca\/wp-json\/wp\/v2\/users\/1"}],"replies":[{"embeddable":true,"href":"https:\/\/www.psyclinic.es\/ca\/wp-json\/wp\/v2\/comments?post=398"}],"version-history":[{"count":4,"href":"https:\/\/www.psyclinic.es\/ca\/wp-json\/wp\/v2\/pages\/398\/revisions"}],"predecessor-version":[{"id":1875,"href":"https:\/\/www.psyclinic.es\/ca\/wp-json\/wp\/v2\/pages\/398\/revisions\/1875"}],"wp:attachment":[{"href":"https:\/\/www.psyclinic.es\/ca\/wp-json\/wp\/v2\/media?parent=398"}],"curies":[{"name":"wp","href":"https:\/\/api.w.org\/{rel}","templated":true}]}}