{"id":400,"date":"2021-06-20T16:37:48","date_gmt":"2021-06-20T16:37:48","guid":{"rendered":"https:\/\/www.psyclinic.es\/politica-de-privacitat\/"},"modified":"2025-07-01T11:12:30","modified_gmt":"2025-07-01T11:12:30","slug":"politica-de-privacitat","status":"publish","type":"page","link":"https:\/\/www.psyclinic.es\/ca\/politica-de-privacitat\/","title":{"rendered":"Pol\u00edtica de privacitat"},"content":{"rendered":"\r\n<h2 class=\"wp-block-heading\">Qui som<\/h2>\r\n\r\n\r\n\r\n<p>\u00a0L'adre\u00e7a del nostre web \u00e9s: https:\/\/www.psyclinic.es.<\/p>\r\n\r\n\r\n\r\n<h2 class=\"wp-block-heading\">Comentaris<\/h2>\r\n\r\n\r\n\r\n<p>Quan els visitants deixen comentaris a la web, recopilem les dades que es mostren al formulari de comentaris, aix\u00ed com l'adre\u00e7a IP del visitant i la cadena d'agents d'usuari del navegador per ajudar a la detecci\u00f3 d'spam.<\/p>\r\n<p>Una cadena an\u00f2nima creada a partir de la vostra adre\u00e7a de correu electr\u00f2nic (tamb\u00e9 anomenada hash) pot ser proporcionada al servei de Gravatar per veure si l'est\u00e0s usant La pol\u00edtica de privadesa del servei Gravatar est\u00e0 disponible aqu\u00ed: https:\/\/automattic.com\/privacy\/.<\/p>\r\n\r\n\r\n\r\n<h2 class=\"wp-block-heading\">Mitjans<\/h2>\r\n\r\n\r\n\r\n<p>Si puges imatges a la web, hauries d'evitar pujar imatges amb dades d'ubicaci\u00f3 (GPS EXIF) incloses. Els visitants de la web poden descarregar i extreure qualsevol dada dubicaci\u00f3 de les imatges de la web.<\/p>\r\n\r\n\r\n\r\n<h2 class=\"wp-block-heading\">Cookies<\/h2>\r\n\r\n\r\n\r\n<p>Si deixes un comentari al nostre lloc pots triar desar el teu nom, adre\u00e7a de correu electr\u00f2nic i web a cookies. Aix\u00f2 \u00e9s per a la teva comoditat, perqu\u00e8 no hagis de tornar a emplenar les dades quan deixis un altre comentari. Aquestes galetes tindran una durada d'un any.<\/p>\r\n<p>Si tens un compte i et connectes a aquest lloc, instal\u00b7larem una galeta temporal per determinar si el teu navegador accepta galetes. Aquesta galeta no cont\u00e9 dades personals i s'elimina en tancar el navegador.<\/p>\r\n<p>Quan hi accedeixis, tamb\u00e9 instal\u00b7larem diverses galetes per desar la teva informaci\u00f3 d'acc\u00e9s i les teves opcions de visualitzaci\u00f3 de pantalla. Les galetes d'acc\u00e9s duren dos dies i les galetes d'opcions de pantalla duren un any. Si seleccioneu \u00abRecordar-me\u00bb, el vostre acc\u00e9s perdurar\u00e0 durant dues setmanes. Si surts del teu compte, les galetes d'acc\u00e9s s'eliminaran.<\/p>\r\n<p>Si edites o publiques un article es guardar\u00e0 una galeta addicional al teu navegador. Aquesta galeta no inclou dades personals i simplement indica l'ID de l'article que acabeu d'editar. Caduca despr\u00e9s d'un dia<\/p>\r\n\r\n\r\n\r\n<h2 class=\"wp-block-heading\">Contingut incrustat d'altres llocs web<\/h2>\r\n\r\n\r\n\r\n<p>Text suggerit: Els articles d'aquest lloc web poden incloure contingut incrustat (per exemple, v\u00eddeos, imatges, articles, etc.) El contingut incrustat d'altres webs es comporta exactament de la mateixa manera que si el visitant hagu\u00e9s visitat l'altra web.<\/p>\r\n<p>Aquestes webs poden recopilar dades sobre tu, utilitzar cookies, incrustar un seguiment addicional de tercers, i supervisar la teva interacci\u00f3 amb aquest contingut incrustat, incl\u00f2s el seguiment de la teva interacci\u00f3 amb el contingut incrustat si tens un compte i est\u00e0s connectat a aquest web.<\/p>\r\n\r\n\r\n\r\n<h2 class=\"wp-block-heading\">Amb qui compartim les teves dades<\/h2>\r\n\r\n\r\n\r\n<p>Si sol\u00b7liciteu un restabliment de contrasenya, la vostra adre\u00e7a IP s'inclour\u00e0 al correu electr\u00f2nic de restabliment.<\/p>\r\n\r\n\r\n\r\n<h2 class=\"wp-block-heading\">Quant de temps conservem les teves dades<\/h2>\r\n\r\n\r\n\r\n<p>Si deixeu un comentari, el comentari i les seves metadades es conserven indefinidament. Aix\u00f2 \u00e9s perqu\u00e8 puguem recon\u00e8ixer i aprovar comentaris successius autom\u00e0ticament, en lloc de mantenir-los en una cua de moderaci\u00f3.<\/p>\r\n<p>Dels usuaris que es registren a la nostra web (si n'hi ha), tamb\u00e9 emmagatzemem la informaci\u00f3 personal que proporcionen al vostre perfil d'usuari. Tots els usuaris poden veure, editar o eliminar la vostra informaci\u00f3 personal en qualsevol moment (excepte que no poden canviar el vostre nom d'usuari). Els administradors de la web tamb\u00e9 poden veure i editar aquesta informaci\u00f3.<\/p>\r\n\r\n\r\n\r\n<h2 class=\"wp-block-heading\">Quins drets tens sobre les teves dades<\/h2>\r\n\r\n\r\n\r\n<p>.Si tens un compte o has deixat comentaris en aquesta web, pots sol\u00b7licitar rebre un fitxer d'exportaci\u00f3 de les dades personals que tenim sobre tu, incloent-hi qualsevol dada que ens hagis proporcionat. Tamb\u00e9 pots sol\u00b7licitar que eliminem qualsevol dada personal que tinguem sobre tu. Aix\u00f2 no inclou cap dada que estiguem obligats a conservar amb fins administratius, legals o de seguretat.<\/p>\r\n\r\n\r\n\r\n<h2 class=\"wp-block-heading\">On enviem les teves dades<\/h2>\r\n\r\n\r\n\r\n<p>Els comentaris dels visitants poden ser revisats per un servei de detecci\u00f3 autom\u00e0tica d'spam<\/p>\r\n","protected":false},"excerpt":{"rendered":"<p>Qui som \u00a0L'adre\u00e7a del nostre web \u00e9s: https:\/\/www.psyclinic.es. Comentaris Quan els visitants deixen comentaris a la web, recopilem les dades que es mostren al formulari de comentaris, aix\u00ed com l'adre\u00e7a IP del visitant i la cadena d'agents d'usuari del navegador per ajudar a la detecci\u00f3 d'spam. Una cadena an\u00f2nima creada a partir de la vostra [&hellip;]<\/p>\n","protected":false},"author":1,"featured_media":0,"parent":0,"menu_order":0,"comment_status":"closed","ping_status":"open","template":"","meta":{"footnotes":""},"class_list":["post-400","page","type-page","status-publish","hentry"],"acf":[],"yoast_head":"<!-- This site is optimized with the Yoast SEO plugin v27.2 - https:\/\/yoast.com\/product\/yoast-seo-wordpress\/ -->\n<title>Pol\u00edtica de privacitat - Centro de Psicolog\u00eda en Barcelona | PsyClinic<\/title>\n<meta name=\"robots\" content=\"noindex, nofollow\" \/>\n<meta property=\"og:locale\" content=\"ca_ES\" \/>\n<meta property=\"og:type\" content=\"article\" \/>\n<meta property=\"og:title\" content=\"Pol\u00edtica de privacitat - Centro de Psicolog\u00eda en Barcelona | PsyClinic\" \/>\n<meta property=\"og:description\" content=\"Qui som \u00a0L&#039;adre\u00e7a del nostre web \u00e9s: https:\/\/www.psyclinic.es. Comentaris Quan els visitants deixen comentaris a la web, recopilem les dades que es mostren al formulari de comentaris, aix\u00ed com l&#039;adre\u00e7a IP del visitant i la cadena d&#039;agents d&#039;usuari del navegador per ajudar a la detecci\u00f3 d&#039;spam. Una cadena an\u00f2nima creada a partir de la vostra [&hellip;]\" \/>\n<meta property=\"og:url\" content=\"https:\/\/www.psyclinic.es\/ca\/politica-de-privacitat\/\" \/>\n<meta property=\"og:site_name\" content=\"Centro de Psicolog\u00eda en Barcelona | PsyClinic\" \/>\n<meta property=\"article:publisher\" content=\"https:\/\/www.facebook.com\/profile.php?id=100064087147739\" \/>\n<meta property=\"article:modified_time\" content=\"2025-07-01T11:12:30+00:00\" \/>\n<meta property=\"og:image\" content=\"https:\/\/www.psyclinic.es\/wp-content\/uploads\/2025\/01\/logo-psyclinic.jpg\" \/>\n\t<meta property=\"og:image:width\" content=\"250\" \/>\n\t<meta property=\"og:image:height\" content=\"180\" \/>\n\t<meta property=\"og:image:type\" content=\"image\/jpeg\" \/>\n<meta name=\"twitter:card\" content=\"summary_large_image\" \/>\n<meta name=\"twitter:site\" content=\"@Psyclinics\" \/>\n<script type=\"application\/ld+json\" class=\"yoast-schema-graph\">{\"@context\":\"https:\/\/schema.org\",\"@graph\":[{\"@type\":\"WebPage\",\"@id\":\"https:\/\/www.psyclinic.es\/ca\/politica-de-privacitat\/\",\"url\":\"https:\/\/www.psyclinic.es\/ca\/politica-de-privacitat\/\",\"name\":\"Pol\u00edtica de privacitat - Centro de Psicolog\u00eda en Barcelona | PsyClinic\",\"isPartOf\":{\"@id\":\"https:\/\/www.psyclinic.es\/#website\"},\"datePublished\":\"2021-06-20T16:37:48+00:00\",\"dateModified\":\"2025-07-01T11:12:30+00:00\",\"breadcrumb\":{\"@id\":\"https:\/\/www.psyclinic.es\/ca\/politica-de-privacitat\/#breadcrumb\"},\"inLanguage\":\"ca\",\"potentialAction\":[{\"@type\":\"ReadAction\",\"target\":[\"https:\/\/www.psyclinic.es\/ca\/politica-de-privacitat\/\"]}]},{\"@type\":\"BreadcrumbList\",\"@id\":\"https:\/\/www.psyclinic.es\/ca\/politica-de-privacitat\/#breadcrumb\",\"itemListElement\":[{\"@type\":\"ListItem\",\"position\":1,\"name\":\"Portada\",\"item\":\"https:\/\/www.psyclinic.es\/ca\/\"},{\"@type\":\"ListItem\",\"position\":2,\"name\":\"Pol\u00edtica de privacitat\"}]},{\"@type\":\"WebSite\",\"@id\":\"https:\/\/www.psyclinic.es\/#website\",\"url\":\"https:\/\/www.psyclinic.es\/\",\"name\":\"Centro de Psicolog\u00eda en Barcelona | PsyClinic\",\"description\":\"Centro de Psicolog\u00eda en Barcelona con terapias eficaces y profesionales cualificados. Atenci\u00f3n personalizada para tu bienestar emocional.\",\"publisher\":{\"@id\":\"https:\/\/www.psyclinic.es\/#organization\"},\"alternateName\":\"Centro de Psicolog\u00eda en Barcelona\",\"potentialAction\":[{\"@type\":\"SearchAction\",\"target\":{\"@type\":\"EntryPoint\",\"urlTemplate\":\"https:\/\/www.psyclinic.es\/?s={search_term_string}\"},\"query-input\":{\"@type\":\"PropertyValueSpecification\",\"valueRequired\":true,\"valueName\":\"search_term_string\"}}],\"inLanguage\":\"ca\"},{\"@type\":\"Organization\",\"@id\":\"https:\/\/www.psyclinic.es\/#organization\",\"name\":\"Psyclinic\",\"alternateName\":\"Psyclinic | Centro de Psicolog\u00eda en Barcelona\",\"url\":\"https:\/\/www.psyclinic.es\/\",\"logo\":{\"@type\":\"ImageObject\",\"inLanguage\":\"ca\",\"@id\":\"https:\/\/www.psyclinic.es\/#\/schema\/logo\/image\/\",\"url\":\"https:\/\/www.psyclinic.es\/wp-content\/uploads\/2025\/01\/logo-psyclinic.jpg\",\"contentUrl\":\"https:\/\/www.psyclinic.es\/wp-content\/uploads\/2025\/01\/logo-psyclinic.jpg\",\"width\":250,\"height\":180,\"caption\":\"Psyclinic\"},\"image\":{\"@id\":\"https:\/\/www.psyclinic.es\/#\/schema\/logo\/image\/\"},\"sameAs\":[\"https:\/\/www.facebook.com\/profile.php?id=100064087147739\",\"https:\/\/x.com\/Psyclinics\",\"https:\/\/www.instagram.com\/psyclinicbcn\/\",\"https:\/\/www.linkedin.com\/in\/pablo-oromendia-rodr\u00edguez-bb43152b\/\"]}]}<\/script>\n<!-- \/ Yoast SEO plugin. -->","yoast_head_json":{"title":"Pol\u00edtica de privacitat - Centro de Psicolog\u00eda en Barcelona | PsyClinic","robots":{"index":"noindex","follow":"nofollow"},"og_locale":"ca_ES","og_type":"article","og_title":"Pol\u00edtica de privacitat - Centro de Psicolog\u00eda en Barcelona | PsyClinic","og_description":"Qui som \u00a0L'adre\u00e7a del nostre web \u00e9s: https:\/\/www.psyclinic.es. Comentaris Quan els visitants deixen comentaris a la web, recopilem les dades que es mostren al formulari de comentaris, aix\u00ed com l'adre\u00e7a IP del visitant i la cadena d'agents d'usuari del navegador per ajudar a la detecci\u00f3 d'spam. Una cadena an\u00f2nima creada a partir de la vostra [&hellip;]","og_url":"https:\/\/www.psyclinic.es\/ca\/politica-de-privacitat\/","og_site_name":"Centro de Psicolog\u00eda en Barcelona | PsyClinic","article_publisher":"https:\/\/www.facebook.com\/profile.php?id=100064087147739","article_modified_time":"2025-07-01T11:12:30+00:00","og_image":[{"width":250,"height":180,"url":"https:\/\/www.psyclinic.es\/wp-content\/uploads\/2025\/01\/logo-psyclinic.jpg","type":"image\/jpeg"}],"twitter_card":"summary_large_image","twitter_site":"@Psyclinics","schema":{"@context":"https:\/\/schema.org","@graph":[{"@type":"WebPage","@id":"https:\/\/www.psyclinic.es\/ca\/politica-de-privacitat\/","url":"https:\/\/www.psyclinic.es\/ca\/politica-de-privacitat\/","name":"Pol\u00edtica de privacitat - Centro de Psicolog\u00eda en Barcelona | PsyClinic","isPartOf":{"@id":"https:\/\/www.psyclinic.es\/#website"},"datePublished":"2021-06-20T16:37:48+00:00","dateModified":"2025-07-01T11:12:30+00:00","breadcrumb":{"@id":"https:\/\/www.psyclinic.es\/ca\/politica-de-privacitat\/#breadcrumb"},"inLanguage":"ca","potentialAction":[{"@type":"ReadAction","target":["https:\/\/www.psyclinic.es\/ca\/politica-de-privacitat\/"]}]},{"@type":"BreadcrumbList","@id":"https:\/\/www.psyclinic.es\/ca\/politica-de-privacitat\/#breadcrumb","itemListElement":[{"@type":"ListItem","position":1,"name":"Portada","item":"https:\/\/www.psyclinic.es\/ca\/"},{"@type":"ListItem","position":2,"name":"Pol\u00edtica de privacitat"}]},{"@type":"WebSite","@id":"https:\/\/www.psyclinic.es\/#website","url":"https:\/\/www.psyclinic.es\/","name":"Centro de Psicolog\u00eda en Barcelona | PsyClinic","description":"Centro de Psicolog\u00eda en Barcelona con terapias eficaces y profesionales cualificados. Atenci\u00f3n personalizada para tu bienestar emocional.","publisher":{"@id":"https:\/\/www.psyclinic.es\/#organization"},"alternateName":"Centro de Psicolog\u00eda en Barcelona","potentialAction":[{"@type":"SearchAction","target":{"@type":"EntryPoint","urlTemplate":"https:\/\/www.psyclinic.es\/?s={search_term_string}"},"query-input":{"@type":"PropertyValueSpecification","valueRequired":true,"valueName":"search_term_string"}}],"inLanguage":"ca"},{"@type":"Organization","@id":"https:\/\/www.psyclinic.es\/#organization","name":"Psyclinic","alternateName":"Psyclinic | Centro de Psicolog\u00eda en Barcelona","url":"https:\/\/www.psyclinic.es\/","logo":{"@type":"ImageObject","inLanguage":"ca","@id":"https:\/\/www.psyclinic.es\/#\/schema\/logo\/image\/","url":"https:\/\/www.psyclinic.es\/wp-content\/uploads\/2025\/01\/logo-psyclinic.jpg","contentUrl":"https:\/\/www.psyclinic.es\/wp-content\/uploads\/2025\/01\/logo-psyclinic.jpg","width":250,"height":180,"caption":"Psyclinic"},"image":{"@id":"https:\/\/www.psyclinic.es\/#\/schema\/logo\/image\/"},"sameAs":["https:\/\/www.facebook.com\/profile.php?id=100064087147739","https:\/\/x.com\/Psyclinics","https:\/\/www.instagram.com\/psyclinicbcn\/","https:\/\/www.linkedin.com\/in\/pablo-oromendia-rodr\u00edguez-bb43152b\/"]}]}},"_links":{"self":[{"href":"https:\/\/www.psyclinic.es\/ca\/wp-json\/wp\/v2\/pages\/400","targetHints":{"allow":["GET"]}}],"collection":[{"href":"https:\/\/www.psyclinic.es\/ca\/wp-json\/wp\/v2\/pages"}],"about":[{"href":"https:\/\/www.psyclinic.es\/ca\/wp-json\/wp\/v2\/types\/page"}],"author":[{"embeddable":true,"href":"https:\/\/www.psyclinic.es\/ca\/wp-json\/wp\/v2\/users\/1"}],"replies":[{"embeddable":true,"href":"https:\/\/www.psyclinic.es\/ca\/wp-json\/wp\/v2\/comments?post=400"}],"version-history":[{"count":4,"href":"https:\/\/www.psyclinic.es\/ca\/wp-json\/wp\/v2\/pages\/400\/revisions"}],"predecessor-version":[{"id":1877,"href":"https:\/\/www.psyclinic.es\/ca\/wp-json\/wp\/v2\/pages\/400\/revisions\/1877"}],"wp:attachment":[{"href":"https:\/\/www.psyclinic.es\/ca\/wp-json\/wp\/v2\/media?parent=400"}],"curies":[{"name":"wp","href":"https:\/\/api.w.org\/{rel}","templated":true}]}}