{"id":506,"date":"2021-06-21T10:09:05","date_gmt":"2021-06-21T10:09:05","guid":{"rendered":"https:\/\/www.psyclinic.es\/?page_id=506"},"modified":"2021-06-21T10:10:00","modified_gmt":"2021-06-21T10:10:00","slug":"terapia-de-parella","status":"publish","type":"page","link":"https:\/\/www.psyclinic.es\/ca\/terapies\/terapia-de-parella\/","title":{"rendered":"Ter\u00e0pia de parella"},"content":{"rendered":"","protected":false},"excerpt":{"rendered":"","protected":false},"author":1,"featured_media":0,"parent":427,"menu_order":1,"comment_status":"closed","ping_status":"closed","template":"","meta":{"footnotes":""},"class_list":["post-506","page","type-page","status-publish","hentry"],"acf":[],"yoast_head":"<!-- This site is optimized with the Yoast SEO plugin v27.4 - https:\/\/yoast.com\/product\/yoast-seo-wordpress\/ -->\n<title>Ter\u00e0pia de parella - Centro de Psicolog\u00eda en Barcelona | PsyClinic<\/title>\n<meta name=\"robots\" content=\"index, follow, max-snippet:-1, max-image-preview:large, max-video-preview:-1\" \/>\n<link rel=\"canonical\" href=\"https:\/\/www.psyclinic.es\/ca\/terapies\/terapia-de-parella\/\" \/>\n<meta property=\"og:locale\" content=\"ca_ES\" \/>\n<meta property=\"og:type\" content=\"article\" \/>\n<meta property=\"og:title\" content=\"Ter\u00e0pia de parella - Centro de Psicolog\u00eda en Barcelona | PsyClinic\" \/>\n<meta property=\"og:url\" content=\"https:\/\/www.psyclinic.es\/ca\/terapies\/terapia-de-parella\/\" \/>\n<meta property=\"og:site_name\" content=\"Centro de Psicolog\u00eda en Barcelona | PsyClinic\" \/>\n<meta property=\"article:publisher\" content=\"https:\/\/www.facebook.com\/profile.php?id=100064087147739\" \/>\n<meta property=\"article:modified_time\" content=\"2021-06-21T10:10:00+00:00\" \/>\n<meta property=\"og:image\" content=\"https:\/\/www.psyclinic.es\/wp-content\/uploads\/2025\/01\/logo-psyclinic.jpg\" \/>\n\t<meta property=\"og:image:width\" content=\"250\" \/>\n\t<meta property=\"og:image:height\" content=\"180\" \/>\n\t<meta property=\"og:image:type\" content=\"image\/jpeg\" \/>\n<meta name=\"twitter:card\" content=\"summary_large_image\" \/>\n<meta name=\"twitter:site\" content=\"@Psyclinics\" \/>\n<script type=\"application\/ld+json\" class=\"yoast-schema-graph\">{\"@context\":\"https:\\\/\\\/schema.org\",\"@graph\":[{\"@type\":\"WebPage\",\"@id\":\"https:\\\/\\\/www.psyclinic.es\\\/ca\\\/terapies\\\/terapia-de-parella\\\/\",\"url\":\"https:\\\/\\\/www.psyclinic.es\\\/ca\\\/terapies\\\/terapia-de-parella\\\/\",\"name\":\"Ter\u00e0pia de parella - Centro de Psicolog\u00eda en Barcelona | PsyClinic\",\"isPartOf\":{\"@id\":\"https:\\\/\\\/www.psyclinic.es\\\/#website\"},\"datePublished\":\"2021-06-21T10:09:05+00:00\",\"dateModified\":\"2021-06-21T10:10:00+00:00\",\"breadcrumb\":{\"@id\":\"https:\\\/\\\/www.psyclinic.es\\\/ca\\\/terapies\\\/terapia-de-parella\\\/#breadcrumb\"},\"inLanguage\":\"ca\",\"potentialAction\":[{\"@type\":\"ReadAction\",\"target\":[\"https:\\\/\\\/www.psyclinic.es\\\/ca\\\/terapies\\\/terapia-de-parella\\\/\"]}]},{\"@type\":\"BreadcrumbList\",\"@id\":\"https:\\\/\\\/www.psyclinic.es\\\/ca\\\/terapies\\\/terapia-de-parella\\\/#breadcrumb\",\"itemListElement\":[{\"@type\":\"ListItem\",\"position\":1,\"name\":\"Portada\",\"item\":\"https:\\\/\\\/www.psyclinic.es\\\/ca\\\/\"},{\"@type\":\"ListItem\",\"position\":2,\"name\":\"Ter\u00e0pies\",\"item\":\"https:\\\/\\\/www.psyclinic.es\\\/ca\\\/terapies\\\/\"},{\"@type\":\"ListItem\",\"position\":3,\"name\":\"Ter\u00e0pia de parella\"}]},{\"@type\":\"WebSite\",\"@id\":\"https:\\\/\\\/www.psyclinic.es\\\/#website\",\"url\":\"https:\\\/\\\/www.psyclinic.es\\\/\",\"name\":\"Centro de Psicolog\u00eda en Barcelona | PsyClinic\",\"description\":\"Centro de Psicolog\u00eda en Barcelona con terapias eficaces y profesionales cualificados. Atenci\u00f3n personalizada para tu bienestar emocional.\",\"publisher\":{\"@id\":\"https:\\\/\\\/www.psyclinic.es\\\/#organization\"},\"alternateName\":\"Centro de Psicolog\u00eda en Barcelona\",\"potentialAction\":[{\"@type\":\"SearchAction\",\"target\":{\"@type\":\"EntryPoint\",\"urlTemplate\":\"https:\\\/\\\/www.psyclinic.es\\\/?s={search_term_string}\"},\"query-input\":{\"@type\":\"PropertyValueSpecification\",\"valueRequired\":true,\"valueName\":\"search_term_string\"}}],\"inLanguage\":\"ca\"},{\"@type\":\"Organization\",\"@id\":\"https:\\\/\\\/www.psyclinic.es\\\/#organization\",\"name\":\"Psyclinic\",\"alternateName\":\"Psyclinic | Centro de Psicolog\u00eda en Barcelona\",\"url\":\"https:\\\/\\\/www.psyclinic.es\\\/\",\"logo\":{\"@type\":\"ImageObject\",\"inLanguage\":\"ca\",\"@id\":\"https:\\\/\\\/www.psyclinic.es\\\/#\\\/schema\\\/logo\\\/image\\\/\",\"url\":\"https:\\\/\\\/www.psyclinic.es\\\/wp-content\\\/uploads\\\/2025\\\/01\\\/logo-psyclinic.jpg\",\"contentUrl\":\"https:\\\/\\\/www.psyclinic.es\\\/wp-content\\\/uploads\\\/2025\\\/01\\\/logo-psyclinic.jpg\",\"width\":250,\"height\":180,\"caption\":\"Psyclinic\"},\"image\":{\"@id\":\"https:\\\/\\\/www.psyclinic.es\\\/#\\\/schema\\\/logo\\\/image\\\/\"},\"sameAs\":[\"https:\\\/\\\/www.facebook.com\\\/profile.php?id=100064087147739\",\"https:\\\/\\\/x.com\\\/Psyclinics\",\"https:\\\/\\\/www.instagram.com\\\/psyclinicbcn\\\/\",\"https:\\\/\\\/www.linkedin.com\\\/in\\\/pablo-oromendia-rodr\u00edguez-bb43152b\\\/\"]}]}<\/script>\n<!-- \/ Yoast SEO plugin. -->","yoast_head_json":{"title":"Ter\u00e0pia de parella - Centro de Psicolog\u00eda en Barcelona | PsyClinic","robots":{"index":"index","follow":"follow","max-snippet":"max-snippet:-1","max-image-preview":"max-image-preview:large","max-video-preview":"max-video-preview:-1"},"canonical":"https:\/\/www.psyclinic.es\/ca\/terapies\/terapia-de-parella\/","og_locale":"ca_ES","og_type":"article","og_title":"Ter\u00e0pia de parella - Centro de Psicolog\u00eda en Barcelona | PsyClinic","og_url":"https:\/\/www.psyclinic.es\/ca\/terapies\/terapia-de-parella\/","og_site_name":"Centro de Psicolog\u00eda en Barcelona | PsyClinic","article_publisher":"https:\/\/www.facebook.com\/profile.php?id=100064087147739","article_modified_time":"2021-06-21T10:10:00+00:00","og_image":[{"width":250,"height":180,"url":"https:\/\/www.psyclinic.es\/wp-content\/uploads\/2025\/01\/logo-psyclinic.jpg","type":"image\/jpeg"}],"twitter_card":"summary_large_image","twitter_site":"@Psyclinics","schema":{"@context":"https:\/\/schema.org","@graph":[{"@type":"WebPage","@id":"https:\/\/www.psyclinic.es\/ca\/terapies\/terapia-de-parella\/","url":"https:\/\/www.psyclinic.es\/ca\/terapies\/terapia-de-parella\/","name":"Ter\u00e0pia de parella - Centro de Psicolog\u00eda en Barcelona | PsyClinic","isPartOf":{"@id":"https:\/\/www.psyclinic.es\/#website"},"datePublished":"2021-06-21T10:09:05+00:00","dateModified":"2021-06-21T10:10:00+00:00","breadcrumb":{"@id":"https:\/\/www.psyclinic.es\/ca\/terapies\/terapia-de-parella\/#breadcrumb"},"inLanguage":"ca","potentialAction":[{"@type":"ReadAction","target":["https:\/\/www.psyclinic.es\/ca\/terapies\/terapia-de-parella\/"]}]},{"@type":"BreadcrumbList","@id":"https:\/\/www.psyclinic.es\/ca\/terapies\/terapia-de-parella\/#breadcrumb","itemListElement":[{"@type":"ListItem","position":1,"name":"Portada","item":"https:\/\/www.psyclinic.es\/ca\/"},{"@type":"ListItem","position":2,"name":"Ter\u00e0pies","item":"https:\/\/www.psyclinic.es\/ca\/terapies\/"},{"@type":"ListItem","position":3,"name":"Ter\u00e0pia de parella"}]},{"@type":"WebSite","@id":"https:\/\/www.psyclinic.es\/#website","url":"https:\/\/www.psyclinic.es\/","name":"Centro de Psicolog\u00eda en Barcelona | PsyClinic","description":"Centro de Psicolog\u00eda en Barcelona con terapias eficaces y profesionales cualificados. Atenci\u00f3n personalizada para tu bienestar emocional.","publisher":{"@id":"https:\/\/www.psyclinic.es\/#organization"},"alternateName":"Centro de Psicolog\u00eda en Barcelona","potentialAction":[{"@type":"SearchAction","target":{"@type":"EntryPoint","urlTemplate":"https:\/\/www.psyclinic.es\/?s={search_term_string}"},"query-input":{"@type":"PropertyValueSpecification","valueRequired":true,"valueName":"search_term_string"}}],"inLanguage":"ca"},{"@type":"Organization","@id":"https:\/\/www.psyclinic.es\/#organization","name":"Psyclinic","alternateName":"Psyclinic | Centro de Psicolog\u00eda en Barcelona","url":"https:\/\/www.psyclinic.es\/","logo":{"@type":"ImageObject","inLanguage":"ca","@id":"https:\/\/www.psyclinic.es\/#\/schema\/logo\/image\/","url":"https:\/\/www.psyclinic.es\/wp-content\/uploads\/2025\/01\/logo-psyclinic.jpg","contentUrl":"https:\/\/www.psyclinic.es\/wp-content\/uploads\/2025\/01\/logo-psyclinic.jpg","width":250,"height":180,"caption":"Psyclinic"},"image":{"@id":"https:\/\/www.psyclinic.es\/#\/schema\/logo\/image\/"},"sameAs":["https:\/\/www.facebook.com\/profile.php?id=100064087147739","https:\/\/x.com\/Psyclinics","https:\/\/www.instagram.com\/psyclinicbcn\/","https:\/\/www.linkedin.com\/in\/pablo-oromendia-rodr\u00edguez-bb43152b\/"]}]}},"_links":{"self":[{"href":"https:\/\/www.psyclinic.es\/ca\/wp-json\/wp\/v2\/pages\/506","targetHints":{"allow":["GET"]}}],"collection":[{"href":"https:\/\/www.psyclinic.es\/ca\/wp-json\/wp\/v2\/pages"}],"about":[{"href":"https:\/\/www.psyclinic.es\/ca\/wp-json\/wp\/v2\/types\/page"}],"author":[{"embeddable":true,"href":"https:\/\/www.psyclinic.es\/ca\/wp-json\/wp\/v2\/users\/1"}],"replies":[{"embeddable":true,"href":"https:\/\/www.psyclinic.es\/ca\/wp-json\/wp\/v2\/comments?post=506"}],"version-history":[{"count":1,"href":"https:\/\/www.psyclinic.es\/ca\/wp-json\/wp\/v2\/pages\/506\/revisions"}],"predecessor-version":[{"id":507,"href":"https:\/\/www.psyclinic.es\/ca\/wp-json\/wp\/v2\/pages\/506\/revisions\/507"}],"up":[{"embeddable":true,"href":"https:\/\/www.psyclinic.es\/ca\/wp-json\/wp\/v2\/pages\/427"}],"wp:attachment":[{"href":"https:\/\/www.psyclinic.es\/ca\/wp-json\/wp\/v2\/media?parent=506"}],"curies":[{"name":"wp","href":"https:\/\/api.w.org\/{rel}","templated":true}]}}