{"id":660,"date":"2021-08-09T09:59:59","date_gmt":"2021-08-09T09:59:59","guid":{"rendered":"https:\/\/www.psyclinic.es\/?page_id=660"},"modified":"2025-03-12T15:24:13","modified_gmt":"2025-03-12T15:24:13","slug":"giulia-marconi","status":"publish","type":"page","link":"https:\/\/www.psyclinic.es\/ca\/sobre-nosaltres\/giulia-marconi\/","title":{"rendered":"Giulia Marconi"},"content":{"rendered":"\r\n<p>Psicol\u00f2loga col\u00b7legiada No. 21868<\/p>\r\n","protected":false},"excerpt":{"rendered":"<p>Llicenciada en psicologia. Psic\u00f2loga sanit\u00e0ria. M\u00e0ter en ter\u00e0pia congnitiu social i postgrau en ter\u00e0pia construtivista.<\/p>\n","protected":false},"author":2,"featured_media":1820,"parent":363,"menu_order":4,"comment_status":"closed","ping_status":"closed","template":"","meta":{"footnotes":""},"class_list":["post-660","page","type-page","status-publish","has-post-thumbnail","hentry"],"acf":[],"yoast_head":"<!-- This site is optimized with the Yoast SEO plugin v27.4 - https:\/\/yoast.com\/product\/yoast-seo-wordpress\/ -->\n<title>Giulia Marconi - Centro de Psicolog\u00eda en Barcelona | PsyClinic<\/title>\n<meta name=\"robots\" content=\"index, follow, max-snippet:-1, max-image-preview:large, max-video-preview:-1\" \/>\n<link rel=\"canonical\" href=\"https:\/\/www.psyclinic.es\/ca\/sobre-nosaltres\/giulia-marconi\/\" \/>\n<meta property=\"og:locale\" content=\"ca_ES\" \/>\n<meta property=\"og:type\" content=\"article\" \/>\n<meta property=\"og:title\" content=\"Giulia Marconi - Centro de Psicolog\u00eda en Barcelona | PsyClinic\" \/>\n<meta property=\"og:description\" content=\"Llicenciada en psicologia. Psic\u00f2loga sanit\u00e0ria. M\u00e0ter en ter\u00e0pia congnitiu social i postgrau en ter\u00e0pia construtivista.\" \/>\n<meta property=\"og:url\" content=\"https:\/\/www.psyclinic.es\/ca\/sobre-nosaltres\/giulia-marconi\/\" \/>\n<meta property=\"og:site_name\" content=\"Centro de Psicolog\u00eda en Barcelona | PsyClinic\" \/>\n<meta property=\"article:publisher\" content=\"https:\/\/www.facebook.com\/profile.php?id=100064087147739\" \/>\n<meta property=\"article:modified_time\" content=\"2025-03-12T15:24:13+00:00\" \/>\n<meta property=\"og:image\" content=\"https:\/\/www.psyclinic.es\/wp-content\/uploads\/2025\/03\/IMG_1929.jpg\" \/>\n\t<meta property=\"og:image:width\" content=\"2104\" \/>\n\t<meta property=\"og:image:height\" content=\"2121\" \/>\n\t<meta property=\"og:image:type\" content=\"image\/jpeg\" \/>\n<meta name=\"twitter:card\" content=\"summary_large_image\" \/>\n<meta name=\"twitter:site\" content=\"@Psyclinics\" \/>\n<script type=\"application\/ld+json\" class=\"yoast-schema-graph\">{\"@context\":\"https:\\\/\\\/schema.org\",\"@graph\":[{\"@type\":\"WebPage\",\"@id\":\"https:\\\/\\\/www.psyclinic.es\\\/ca\\\/sobre-nosaltres\\\/giulia-marconi\\\/\",\"url\":\"https:\\\/\\\/www.psyclinic.es\\\/ca\\\/sobre-nosaltres\\\/giulia-marconi\\\/\",\"name\":\"Giulia Marconi - Centro de Psicolog\u00eda en Barcelona | PsyClinic\",\"isPartOf\":{\"@id\":\"https:\\\/\\\/www.psyclinic.es\\\/#website\"},\"primaryImageOfPage\":{\"@id\":\"https:\\\/\\\/www.psyclinic.es\\\/ca\\\/sobre-nosaltres\\\/giulia-marconi\\\/#primaryimage\"},\"image\":{\"@id\":\"https:\\\/\\\/www.psyclinic.es\\\/ca\\\/sobre-nosaltres\\\/giulia-marconi\\\/#primaryimage\"},\"thumbnailUrl\":\"https:\\\/\\\/www.psyclinic.es\\\/wp-content\\\/uploads\\\/2025\\\/03\\\/IMG_1929.jpg\",\"datePublished\":\"2021-08-09T09:59:59+00:00\",\"dateModified\":\"2025-03-12T15:24:13+00:00\",\"breadcrumb\":{\"@id\":\"https:\\\/\\\/www.psyclinic.es\\\/ca\\\/sobre-nosaltres\\\/giulia-marconi\\\/#breadcrumb\"},\"inLanguage\":\"ca\",\"potentialAction\":[{\"@type\":\"ReadAction\",\"target\":[\"https:\\\/\\\/www.psyclinic.es\\\/ca\\\/sobre-nosaltres\\\/giulia-marconi\\\/\"]}]},{\"@type\":\"ImageObject\",\"inLanguage\":\"ca\",\"@id\":\"https:\\\/\\\/www.psyclinic.es\\\/ca\\\/sobre-nosaltres\\\/giulia-marconi\\\/#primaryimage\",\"url\":\"https:\\\/\\\/www.psyclinic.es\\\/wp-content\\\/uploads\\\/2025\\\/03\\\/IMG_1929.jpg\",\"contentUrl\":\"https:\\\/\\\/www.psyclinic.es\\\/wp-content\\\/uploads\\\/2025\\\/03\\\/IMG_1929.jpg\",\"width\":2104,\"height\":2121,\"caption\":\"Giulia Marconi\"},{\"@type\":\"BreadcrumbList\",\"@id\":\"https:\\\/\\\/www.psyclinic.es\\\/ca\\\/sobre-nosaltres\\\/giulia-marconi\\\/#breadcrumb\",\"itemListElement\":[{\"@type\":\"ListItem\",\"position\":1,\"name\":\"Portada\",\"item\":\"https:\\\/\\\/www.psyclinic.es\\\/ca\\\/\"},{\"@type\":\"ListItem\",\"position\":2,\"name\":\"Sobre Nosaltres\",\"item\":\"https:\\\/\\\/www.psyclinic.es\\\/ca\\\/sobre-nosaltres\\\/\"},{\"@type\":\"ListItem\",\"position\":3,\"name\":\"Giulia Marconi\"}]},{\"@type\":\"WebSite\",\"@id\":\"https:\\\/\\\/www.psyclinic.es\\\/#website\",\"url\":\"https:\\\/\\\/www.psyclinic.es\\\/\",\"name\":\"Centro de Psicolog\u00eda en Barcelona | PsyClinic\",\"description\":\"Centro de Psicolog\u00eda en Barcelona con terapias eficaces y profesionales cualificados. Atenci\u00f3n personalizada para tu bienestar emocional.\",\"publisher\":{\"@id\":\"https:\\\/\\\/www.psyclinic.es\\\/#organization\"},\"alternateName\":\"Centro de Psicolog\u00eda en Barcelona\",\"potentialAction\":[{\"@type\":\"SearchAction\",\"target\":{\"@type\":\"EntryPoint\",\"urlTemplate\":\"https:\\\/\\\/www.psyclinic.es\\\/?s={search_term_string}\"},\"query-input\":{\"@type\":\"PropertyValueSpecification\",\"valueRequired\":true,\"valueName\":\"search_term_string\"}}],\"inLanguage\":\"ca\"},{\"@type\":\"Organization\",\"@id\":\"https:\\\/\\\/www.psyclinic.es\\\/#organization\",\"name\":\"Psyclinic\",\"alternateName\":\"Psyclinic | Centro de Psicolog\u00eda en Barcelona\",\"url\":\"https:\\\/\\\/www.psyclinic.es\\\/\",\"logo\":{\"@type\":\"ImageObject\",\"inLanguage\":\"ca\",\"@id\":\"https:\\\/\\\/www.psyclinic.es\\\/#\\\/schema\\\/logo\\\/image\\\/\",\"url\":\"https:\\\/\\\/www.psyclinic.es\\\/wp-content\\\/uploads\\\/2025\\\/01\\\/logo-psyclinic.jpg\",\"contentUrl\":\"https:\\\/\\\/www.psyclinic.es\\\/wp-content\\\/uploads\\\/2025\\\/01\\\/logo-psyclinic.jpg\",\"width\":250,\"height\":180,\"caption\":\"Psyclinic\"},\"image\":{\"@id\":\"https:\\\/\\\/www.psyclinic.es\\\/#\\\/schema\\\/logo\\\/image\\\/\"},\"sameAs\":[\"https:\\\/\\\/www.facebook.com\\\/profile.php?id=100064087147739\",\"https:\\\/\\\/x.com\\\/Psyclinics\",\"https:\\\/\\\/www.instagram.com\\\/psyclinicbcn\\\/\",\"https:\\\/\\\/www.linkedin.com\\\/in\\\/pablo-oromendia-rodr\u00edguez-bb43152b\\\/\"]}]}<\/script>\n<!-- \/ Yoast SEO plugin. -->","yoast_head_json":{"title":"Giulia Marconi - Centro de Psicolog\u00eda en Barcelona | PsyClinic","robots":{"index":"index","follow":"follow","max-snippet":"max-snippet:-1","max-image-preview":"max-image-preview:large","max-video-preview":"max-video-preview:-1"},"canonical":"https:\/\/www.psyclinic.es\/ca\/sobre-nosaltres\/giulia-marconi\/","og_locale":"ca_ES","og_type":"article","og_title":"Giulia Marconi - Centro de Psicolog\u00eda en Barcelona | PsyClinic","og_description":"Llicenciada en psicologia. Psic\u00f2loga sanit\u00e0ria. M\u00e0ter en ter\u00e0pia congnitiu social i postgrau en ter\u00e0pia construtivista.","og_url":"https:\/\/www.psyclinic.es\/ca\/sobre-nosaltres\/giulia-marconi\/","og_site_name":"Centro de Psicolog\u00eda en Barcelona | PsyClinic","article_publisher":"https:\/\/www.facebook.com\/profile.php?id=100064087147739","article_modified_time":"2025-03-12T15:24:13+00:00","og_image":[{"width":2104,"height":2121,"url":"https:\/\/www.psyclinic.es\/wp-content\/uploads\/2025\/03\/IMG_1929.jpg","type":"image\/jpeg"}],"twitter_card":"summary_large_image","twitter_site":"@Psyclinics","schema":{"@context":"https:\/\/schema.org","@graph":[{"@type":"WebPage","@id":"https:\/\/www.psyclinic.es\/ca\/sobre-nosaltres\/giulia-marconi\/","url":"https:\/\/www.psyclinic.es\/ca\/sobre-nosaltres\/giulia-marconi\/","name":"Giulia Marconi - Centro de Psicolog\u00eda en Barcelona | PsyClinic","isPartOf":{"@id":"https:\/\/www.psyclinic.es\/#website"},"primaryImageOfPage":{"@id":"https:\/\/www.psyclinic.es\/ca\/sobre-nosaltres\/giulia-marconi\/#primaryimage"},"image":{"@id":"https:\/\/www.psyclinic.es\/ca\/sobre-nosaltres\/giulia-marconi\/#primaryimage"},"thumbnailUrl":"https:\/\/www.psyclinic.es\/wp-content\/uploads\/2025\/03\/IMG_1929.jpg","datePublished":"2021-08-09T09:59:59+00:00","dateModified":"2025-03-12T15:24:13+00:00","breadcrumb":{"@id":"https:\/\/www.psyclinic.es\/ca\/sobre-nosaltres\/giulia-marconi\/#breadcrumb"},"inLanguage":"ca","potentialAction":[{"@type":"ReadAction","target":["https:\/\/www.psyclinic.es\/ca\/sobre-nosaltres\/giulia-marconi\/"]}]},{"@type":"ImageObject","inLanguage":"ca","@id":"https:\/\/www.psyclinic.es\/ca\/sobre-nosaltres\/giulia-marconi\/#primaryimage","url":"https:\/\/www.psyclinic.es\/wp-content\/uploads\/2025\/03\/IMG_1929.jpg","contentUrl":"https:\/\/www.psyclinic.es\/wp-content\/uploads\/2025\/03\/IMG_1929.jpg","width":2104,"height":2121,"caption":"Giulia Marconi"},{"@type":"BreadcrumbList","@id":"https:\/\/www.psyclinic.es\/ca\/sobre-nosaltres\/giulia-marconi\/#breadcrumb","itemListElement":[{"@type":"ListItem","position":1,"name":"Portada","item":"https:\/\/www.psyclinic.es\/ca\/"},{"@type":"ListItem","position":2,"name":"Sobre Nosaltres","item":"https:\/\/www.psyclinic.es\/ca\/sobre-nosaltres\/"},{"@type":"ListItem","position":3,"name":"Giulia Marconi"}]},{"@type":"WebSite","@id":"https:\/\/www.psyclinic.es\/#website","url":"https:\/\/www.psyclinic.es\/","name":"Centro de Psicolog\u00eda en Barcelona | PsyClinic","description":"Centro de Psicolog\u00eda en Barcelona con terapias eficaces y profesionales cualificados. Atenci\u00f3n personalizada para tu bienestar emocional.","publisher":{"@id":"https:\/\/www.psyclinic.es\/#organization"},"alternateName":"Centro de Psicolog\u00eda en Barcelona","potentialAction":[{"@type":"SearchAction","target":{"@type":"EntryPoint","urlTemplate":"https:\/\/www.psyclinic.es\/?s={search_term_string}"},"query-input":{"@type":"PropertyValueSpecification","valueRequired":true,"valueName":"search_term_string"}}],"inLanguage":"ca"},{"@type":"Organization","@id":"https:\/\/www.psyclinic.es\/#organization","name":"Psyclinic","alternateName":"Psyclinic | Centro de Psicolog\u00eda en Barcelona","url":"https:\/\/www.psyclinic.es\/","logo":{"@type":"ImageObject","inLanguage":"ca","@id":"https:\/\/www.psyclinic.es\/#\/schema\/logo\/image\/","url":"https:\/\/www.psyclinic.es\/wp-content\/uploads\/2025\/01\/logo-psyclinic.jpg","contentUrl":"https:\/\/www.psyclinic.es\/wp-content\/uploads\/2025\/01\/logo-psyclinic.jpg","width":250,"height":180,"caption":"Psyclinic"},"image":{"@id":"https:\/\/www.psyclinic.es\/#\/schema\/logo\/image\/"},"sameAs":["https:\/\/www.facebook.com\/profile.php?id=100064087147739","https:\/\/x.com\/Psyclinics","https:\/\/www.instagram.com\/psyclinicbcn\/","https:\/\/www.linkedin.com\/in\/pablo-oromendia-rodr\u00edguez-bb43152b\/"]}]}},"_links":{"self":[{"href":"https:\/\/www.psyclinic.es\/ca\/wp-json\/wp\/v2\/pages\/660","targetHints":{"allow":["GET"]}}],"collection":[{"href":"https:\/\/www.psyclinic.es\/ca\/wp-json\/wp\/v2\/pages"}],"about":[{"href":"https:\/\/www.psyclinic.es\/ca\/wp-json\/wp\/v2\/types\/page"}],"author":[{"embeddable":true,"href":"https:\/\/www.psyclinic.es\/ca\/wp-json\/wp\/v2\/users\/2"}],"replies":[{"embeddable":true,"href":"https:\/\/www.psyclinic.es\/ca\/wp-json\/wp\/v2\/comments?post=660"}],"version-history":[{"count":1,"href":"https:\/\/www.psyclinic.es\/ca\/wp-json\/wp\/v2\/pages\/660\/revisions"}],"predecessor-version":[{"id":661,"href":"https:\/\/www.psyclinic.es\/ca\/wp-json\/wp\/v2\/pages\/660\/revisions\/661"}],"up":[{"embeddable":true,"href":"https:\/\/www.psyclinic.es\/ca\/wp-json\/wp\/v2\/pages\/363"}],"wp:featuredmedia":[{"embeddable":true,"href":"https:\/\/www.psyclinic.es\/ca\/wp-json\/wp\/v2\/media\/1820"}],"wp:attachment":[{"href":"https:\/\/www.psyclinic.es\/ca\/wp-json\/wp\/v2\/media?parent=660"}],"curies":[{"name":"wp","href":"https:\/\/api.w.org\/{rel}","templated":true}]}}